{"id":15062,"date":"2022-05-04T10:03:43","date_gmt":"2022-05-04T10:03:43","guid":{"rendered":"https:\/\/gruppoanziani.it\/?page_id=15062"},"modified":"2026-04-08T10:23:38","modified_gmt":"2026-04-08T10:23:38","slug":"assocaaf","status":"publish","type":"page","link":"https:\/\/gruppoanziani.it\/index.php\/assocaaf\/","title":{"rendered":"ASSOCAAF SpA"},"content":{"rendered":"<p>[vc_row type=&#8221;vc_default&#8221; full_width=&#8221;stretch_row&#8221; margin_top=&#8221;75&#8243; margin_bottom=&#8221;20&#8243; bg_type=&#8221;bg_color&#8221; seperator_enable=&#8221;seperator_enable_value&#8221; seperator_type=&#8221;triangle_svg_seperator&#8221; seperator_svg_height=&#8221;30&#8243; seperator_shape_background=&#8221;#f8f8f9&#8243; min_height=&#8221;0&#8243; css=&#8221;.vc_custom_1479919687423{padding-top: 90px !important;padding-bottom: 70px !important;background-color: #ffffff !important;}&#8221; bg_color_value=&#8221;#ffffff&#8221;][vc_column offset=&#8221;vc_col-lg-6 vc_col-md-6 vc_col-xs-12&#8243; css=&#8221;.vc_custom_1479919679995{padding-bottom: 30px !important;}&#8221;]<div id=\"ultimate-heading-701669dfbc03df9a0\" class=\"uvc-heading ult-adjust-bottom-margin ultimate-heading-701669dfbc03df9a0 uvc-964 \" data-hspacer=\"no_spacer\"  data-halign=\"left\" style=\"text-align:left\"><div class=\"uvc-heading-spacer no_spacer\" style=\"top\"><\/div><div class=\"uvc-main-heading ult-responsive\"  data-ultimate-target='.uvc-heading.ultimate-heading-701669dfbc03df9a0 h2'  data-responsive-json-new='{\"font-size\":\"desktop:34px;\",\"line-height\":\"desktop:44px;\"}' ><h2 style=\"--font-weight:theme;margin-bottom:8px;\">Assistenza fiscale<\/h2><\/div><div class=\"uvc-sub-heading ult-responsive\"  data-ultimate-target='.uvc-heading.ultimate-heading-701669dfbc03df9a0 .uvc-sub-heading '  data-responsive-json-new='{\"font-size\":\"desktop:20px;\",\"line-height\":\"desktop:32px;\"}'  style=\"font-weight:normal;color:#adb0b6;margin-bottom:25px;\">ASSOCAAF SpA<\/div><\/div>[vc_column_text css=&#8221;.vc_custom_1681972961213{margin-bottom: -30px !important;}&#8221;]Caro Socio,<br \/>\ncerti di fare cosa gradita, ti comunichiamo che abbiamo rinnovato la convenzione con il centro ASSOCAAF SPA con sportello dedicato a U.I.L.A. ALLIANZ, e diverse sedi in Milano e una Monza.[\/vc_column_text][vc_icon icon_fontawesome=&#8221;fas fa-arrow-right&#8221; color=&#8221;custom&#8221; size=&#8221;lg&#8221; align=&#8221;right&#8221; css_animation=&#8221;fadeInLeft&#8221; custom_color=&#8221;#98c73f&#8221;][vc_empty_space height=&#8221;20px&#8221;][vc_separator][vc_empty_space height=&#8221;20px&#8221;][vc_column_text]ASSOCAAF \u00e8 la medesima societ\u00e0 che svolge con elevata professionalit\u00e0, competenza e soddisfazione dell&#8217; utenza l&#8217;assistenza fiscale per i dipendenti del gruppo Allianz.[\/vc_column_text][\/vc_column][vc_column offset=&#8221;vc_col-lg-6 vc_col-md-6 vc_col-xs-12&#8243;][vc_row_inner equal_height=&#8221;yes&#8221; css=&#8221;.vc_custom_1479114323849{margin-top: -8px !important;}&#8221;][vc_column_inner width=&#8221;1\/2&#8243; css=&#8221;.vc_custom_1479919572958{padding-bottom: 30px !important;}&#8221;]<div id=\"ultimate-heading-677669dfbc03df9e1\" class=\"uvc-heading ult-adjust-bottom-margin ultimate-heading-677669dfbc03df9e1 uvc-291 \" data-hspacer=\"no_spacer\"  data-halign=\"left\" style=\"text-align:left\"><div class=\"uvc-heading-spacer no_spacer\" style=\"top\"><\/div><div class=\"uvc-main-heading ult-responsive\"  data-ultimate-target='.uvc-heading.ultimate-heading-677669dfbc03df9e1 h2'  data-responsive-json-new='{\"font-size\":\"desktop:65px;\",\"line-height\":\"desktop:75px;\"}' ><h2 style=\"font-weight:bold;color:rgba(152,199,63,0.4);margin-bottom:5px;\">01.<\/h2><\/div><\/div><div id=\"ultimate-heading-738269dfbc03dfa0d\" class=\"uvc-heading ult-adjust-bottom-margin ultimate-heading-738269dfbc03dfa0d uvc-3814 accent-border-color\" data-hspacer=\"no_spacer\"  data-halign=\"left\" style=\"text-align:left\"><div class=\"uvc-heading-spacer no_spacer\" style=\"top\"><\/div><div class=\"uvc-main-heading ult-responsive\"  data-ultimate-target='.uvc-heading.ultimate-heading-738269dfbc03dfa0d h2'  data-responsive-json-new='{\"font-size\":\"desktop:18px;\",\"line-height\":\"desktop:30px;\"}' ><h2 style=\"font-weight:bold;margin-bottom:12px;\">Tariffe Assistenza Fiscale 730\/2026<\/h2><\/div><\/div>[vc_btn title=&#8221;Clicca qui&#8221; style=&#8221;outline-custom&#8221; outline_custom_color=&#8221;#2d467b&#8221; outline_custom_hover_background=&#8221;#2d467b&#8221; outline_custom_hover_text=&#8221;#ffffff&#8221; align=&#8221;left&#8221; i_align=&#8221;right&#8221; i_icon_fontawesome=&#8221;fas fa-angle-right&#8221; add_icon=&#8221;true&#8221; link=&#8221;url:https%3A%2F%2Fgruppoanziani.it%2Fwp-content%2Fuploads%2F2026%2F04%2FServizi-ai-clienti-2026-UILA.pdf|target:_blank&#8221;][\/vc_column_inner][vc_column_inner width=&#8221;1\/2&#8243; css=&#8221;.vc_custom_1479919579020{padding-bottom: 30px !important;}&#8221;]<div id=\"ultimate-heading-798869dfbc03dfa37\" class=\"uvc-heading ult-adjust-bottom-margin ultimate-heading-798869dfbc03dfa37 uvc-3397 \" data-hspacer=\"no_spacer\"  data-halign=\"left\" style=\"text-align:left\"><div class=\"uvc-heading-spacer no_spacer\" style=\"top\"><\/div><div class=\"uvc-main-heading ult-responsive\"  data-ultimate-target='.uvc-heading.ultimate-heading-798869dfbc03dfa37 h2'  data-responsive-json-new='{\"font-size\":\"desktop:65px;\",\"line-height\":\"desktop:75px;\"}' ><h2 style=\"font-weight:bold;color:rgba(152,199,63,0.4);margin-bottom:5px;\">02.<\/h2><\/div><\/div><div id=\"ultimate-heading-952769dfbc03dfa5e\" class=\"uvc-heading ult-adjust-bottom-margin ultimate-heading-952769dfbc03dfa5e uvc-8822 accent-border-color\" data-hspacer=\"no_spacer\"  data-halign=\"left\" style=\"text-align:left\"><div class=\"uvc-heading-spacer no_spacer\" style=\"top\"><\/div><div class=\"uvc-main-heading ult-responsive\"  data-ultimate-target='.uvc-heading.ultimate-heading-952769dfbc03dfa5e h2'  data-responsive-json-new='{\"font-size\":\"desktop:18px;\",\"line-height\":\"desktop:30px;\"}' ><h2 style=\"font-weight:bold;margin-bottom:12px;\">Novit\u00e0 730\/2026<\/h2><\/div><\/div>[vc_empty_space][vc_btn title=&#8221;Clicca qui&#8221; style=&#8221;outline-custom&#8221; outline_custom_color=&#8221;#2d467b&#8221; outline_custom_hover_background=&#8221;#2d467b&#8221; outline_custom_hover_text=&#8221;#ffffff&#8221; align=&#8221;left&#8221; i_align=&#8221;right&#8221; i_icon_fontawesome=&#8221;fas fa-angle-right&#8221; add_icon=&#8221;true&#8221; link=&#8221;url:https%3A%2F%2Fgruppoanziani.it%2Fwp-content%2Fuploads%2F2026%2F04%2FNovita-730-2026.pdf|target:_blank&#8221;][\/vc_column_inner][vc_column_inner width=&#8221;1\/2&#8243; css=&#8221;.vc_custom_1479919584839{padding-bottom: 30px !important;}&#8221;]<div id=\"ultimate-heading-772869dfbc03dfa85\" class=\"uvc-heading ult-adjust-bottom-margin ultimate-heading-772869dfbc03dfa85 uvc-7796 \" data-hspacer=\"no_spacer\"  data-halign=\"left\" style=\"text-align:left\"><div class=\"uvc-heading-spacer no_spacer\" style=\"top\"><\/div><div class=\"uvc-main-heading ult-responsive\"  data-ultimate-target='.uvc-heading.ultimate-heading-772869dfbc03dfa85 h2'  data-responsive-json-new='{\"font-size\":\"desktop:65px;\",\"line-height\":\"desktop:75px;\"}' ><h2 style=\"font-weight:bold;color:rgba(152,199,63,0.4);margin-bottom:5px;\">03.<\/h2><\/div><\/div><div id=\"ultimate-heading-376769dfbc03dfaab\" class=\"uvc-heading ult-adjust-bottom-margin ultimate-heading-376769dfbc03dfaab uvc-3721 accent-border-color\" data-hspacer=\"no_spacer\"  data-halign=\"left\" style=\"text-align:left\"><div class=\"uvc-heading-spacer no_spacer\" style=\"top\"><\/div><div class=\"uvc-main-heading ult-responsive\"  data-ultimate-target='.uvc-heading.ultimate-heading-376769dfbc03dfaab h2'  data-responsive-json-new='{\"font-size\":\"desktop:18px;\",\"line-height\":\"desktop:30px;\"}' ><h2 style=\"font-weight:bold;margin-bottom:12px;\">Delega editabile 730\/2026<\/h2><\/div><\/div>[vc_btn title=&#8221;Clicca qui&#8221; style=&#8221;outline-custom&#8221; outline_custom_color=&#8221;#2d467b&#8221; outline_custom_hover_background=&#8221;#2d467b&#8221; outline_custom_hover_text=&#8221;#ffffff&#8221; align=&#8221;left&#8221; i_align=&#8221;right&#8221; i_icon_fontawesome=&#8221;fas fa-angle-right&#8221; add_icon=&#8221;true&#8221; link=&#8221;url:https%3A%2F%2Fgruppoanziani.it%2Fwp-content%2Fuploads%2F2026%2F04%2FDELEGA-EDITABILE-PRECOMPILATA-730-2026-REDDITI-2025.pdf|target:_blank&#8221;][\/vc_column_inner][vc_column_inner width=&#8221;1\/2&#8243; css=&#8221;.vc_custom_1479919590308{padding-bottom: 30px !important;}&#8221;]<div id=\"ultimate-heading-394469dfbc03dfad2\" class=\"uvc-heading ult-adjust-bottom-margin ultimate-heading-394469dfbc03dfad2 uvc-1562 \" data-hspacer=\"no_spacer\"  data-halign=\"left\" style=\"text-align:left\"><div class=\"uvc-heading-spacer no_spacer\" style=\"top\"><\/div><div class=\"uvc-main-heading ult-responsive\"  data-ultimate-target='.uvc-heading.ultimate-heading-394469dfbc03dfad2 h2'  data-responsive-json-new='{\"font-size\":\"desktop:65px;\",\"line-height\":\"desktop:75px;\"}' ><h2 style=\"font-weight:bold;color:rgba(152,199,63,0.4);margin-bottom:5px;\">04.<\/h2><\/div><\/div><div id=\"ultimate-heading-97069dfbc03dfaf7\" class=\"uvc-heading ult-adjust-bottom-margin ultimate-heading-97069dfbc03dfaf7 uvc-9808 accent-border-color\" data-hspacer=\"no_spacer\"  data-halign=\"left\" style=\"text-align:left\"><div class=\"uvc-heading-spacer no_spacer\" style=\"top\"><\/div><div class=\"uvc-main-heading ult-responsive\"  data-ultimate-target='.uvc-heading.ultimate-heading-97069dfbc03dfaf7 h2'  data-responsive-json-new='{\"font-size\":\"desktop:18px;\",\"line-height\":\"desktop:30px;\"}' ><h2 style=\"font-weight:bold;margin-bottom:12px;\">Presentazione MyDigitalCaf<\/h2><\/div><\/div>[vc_btn title=&#8221;Clicca qui&#8221; style=&#8221;outline-custom&#8221; outline_custom_color=&#8221;#2d467b&#8221; outline_custom_hover_background=&#8221;#2d467b&#8221; outline_custom_hover_text=&#8221;#ffffff&#8221; align=&#8221;left&#8221; i_align=&#8221;right&#8221; i_icon_fontawesome=&#8221;fas fa-angle-right&#8221; add_icon=&#8221;true&#8221; link=&#8221;url:https%3A%2F%2Fgruppoanziani.it%2Fwp-content%2Fuploads%2F2026%2F04%2FAssocaaf-Presentazione-ai-dipendenti-2026.pdf|target:_blank&#8221;][\/vc_column_inner][vc_column_inner width=&#8221;1\/2&#8243;]<div id=\"ultimate-heading-728369dfbc03dfb1d\" class=\"uvc-heading ult-adjust-bottom-margin ultimate-heading-728369dfbc03dfb1d uvc-5538 \" data-hspacer=\"no_spacer\"  data-halign=\"left\" style=\"text-align:left\"><div class=\"uvc-heading-spacer no_spacer\" style=\"top\"><\/div><div class=\"uvc-main-heading ult-responsive\"  data-ultimate-target='.uvc-heading.ultimate-heading-728369dfbc03dfb1d h2'  data-responsive-json-new='{\"font-size\":\"desktop:65px;\",\"line-height\":\"desktop:75px;\"}' ><h2 style=\"font-weight:bold;color:rgba(152,199,63,0.4);margin-bottom:5px;\">05.<\/h2><\/div><\/div><div id=\"ultimate-heading-116569dfbc03dfb42\" class=\"uvc-heading ult-adjust-bottom-margin ultimate-heading-116569dfbc03dfb42 uvc-2474 accent-border-color\" data-hspacer=\"no_spacer\"  data-halign=\"left\" style=\"text-align:left\"><div class=\"uvc-heading-spacer no_spacer\" style=\"top\"><\/div><div class=\"uvc-main-heading ult-responsive\"  data-ultimate-target='.uvc-heading.ultimate-heading-116569dfbc03dfb42 h2'  data-responsive-json-new='{\"font-size\":\"desktop:18px;\",\"line-height\":\"desktop:30px;\"}' ><h2 style=\"font-weight:bold;margin-bottom:12px;\">Guida pratica MyDigitalCaf<\/h2><\/div><\/div>[vc_btn title=&#8221;Clicca qui&#8221; style=&#8221;outline-custom&#8221; outline_custom_color=&#8221;#2d467b&#8221; outline_custom_hover_background=&#8221;#2d467b&#8221; outline_custom_hover_text=&#8221;#ffffff&#8221; align=&#8221;left&#8221; i_align=&#8221;right&#8221; i_icon_fontawesome=&#8221;fas fa-angle-right&#8221; add_icon=&#8221;true&#8221; link=&#8221;url:https%3A%2F%2Fgruppoanziani.it%2Fwp-content%2Fuploads%2F2026%2F04%2FAssocaaf_Guida-pratica-MyDigitalCaf.pdf|target:_blank&#8221;][\/vc_column_inner][\/vc_row_inner][\/vc_column][\/vc_row]<\/p>\n","protected":false},"excerpt":{"rendered":"<p>[vc_row type=&#8221;vc_default&#8221; full_width=&#8221;stretch_row&#8221; margin_top=&#8221;75&#8243; margin_bottom=&#8221;20&#8243; bg_type=&#8221;bg_color&#8221; seperator_enable=&#8221;seperator_enable_value&#8221; seperator_type=&#8221;triangle_svg_seperator&#8221; seperator_svg_height=&#8221;30&#8243; seperator_shape_background=&#8221;#f8f8f9&#8243; min_height=&#8221;0&#8243; css=&#8221;.vc_custom_1479919687423{padding-top: 90px !important;padding-bottom: 70px !important;background-color: #ffffff !important;}&#8221; bg_color_value=&#8221;#ffffff&#8221;][vc_column offset=&#8221;vc_col-lg-6 vc_col-md-6 vc_col-xs-12&#8243; css=&#8221;.vc_custom_1479919679995{padding-bottom: 30px !important;}&#8221;][vc_column_text css=&#8221;.vc_custom_1681972961213{margin-bottom: -30px !important;}&#8221;]Caro Socio, certi di fare cosa gradita, ti comunichiamo che abbiamo rinnovato la convenzione con il centro ASSOCAAF SPA con sportello dedicato a U.I.L.A. ALLIANZ, e diverse sedi&hellip;<\/p>\n","protected":false},"author":1,"featured_media":0,"parent":0,"menu_order":0,"comment_status":"closed","ping_status":"closed","template":"","meta":{"footnotes":""},"class_list":["post-15062","page","type-page","status-publish","hentry","description-off"],"acf":[],"_links":{"self":[{"href":"https:\/\/gruppoanziani.it\/index.php\/wp-json\/wp\/v2\/pages\/15062","targetHints":{"allow":["GET"]}}],"collection":[{"href":"https:\/\/gruppoanziani.it\/index.php\/wp-json\/wp\/v2\/pages"}],"about":[{"href":"https:\/\/gruppoanziani.it\/index.php\/wp-json\/wp\/v2\/types\/page"}],"author":[{"embeddable":true,"href":"https:\/\/gruppoanziani.it\/index.php\/wp-json\/wp\/v2\/users\/1"}],"replies":[{"embeddable":true,"href":"https:\/\/gruppoanziani.it\/index.php\/wp-json\/wp\/v2\/comments?post=15062"}],"version-history":[{"count":74,"href":"https:\/\/gruppoanziani.it\/index.php\/wp-json\/wp\/v2\/pages\/15062\/revisions"}],"predecessor-version":[{"id":16663,"href":"https:\/\/gruppoanziani.it\/index.php\/wp-json\/wp\/v2\/pages\/15062\/revisions\/16663"}],"wp:attachment":[{"href":"https:\/\/gruppoanziani.it\/index.php\/wp-json\/wp\/v2\/media?parent=15062"}],"curies":[{"name":"wp","href":"https:\/\/api.w.org\/{rel}","templated":true}]}}