{"id":15082,"date":"2022-05-05T08:00:02","date_gmt":"2022-05-05T08:00:02","guid":{"rendered":"https:\/\/gruppoanziani.it\/?page_id=15082"},"modified":"2022-07-05T08:38:15","modified_gmt":"2022-07-05T08:38:15","slug":"promoclub","status":"publish","type":"page","link":"https:\/\/gruppoanziani.it\/index.php\/promoclub\/","title":{"rendered":"PROMOCLUB"},"content":{"rendered":"<p>[vc_row type=&#8221;vc_default&#8221; full_width=&#8221;stretch_row&#8221; margin_top=&#8221;75&#8243; margin_bottom=&#8221;20&#8243; bg_type=&#8221;bg_color&#8221; seperator_enable=&#8221;seperator_enable_value&#8221; seperator_type=&#8221;triangle_svg_seperator&#8221; seperator_svg_height=&#8221;30&#8243; seperator_shape_background=&#8221;#f8f8f9&#8243; min_height=&#8221;0&#8243; css=&#8221;.vc_custom_1479919687423{padding-top: 90px !important;padding-bottom: 70px !important;background-color: #ffffff !important;}&#8221; bg_color_value=&#8221;#ffffff&#8221;][vc_column offset=&#8221;vc_col-lg-6 vc_col-md-6 vc_col-xs-12&#8243; css=&#8221;.vc_custom_1479919679995{padding-bottom: 30px !important;}&#8221;]<div id=\"ultimate-heading-61969f09b4e04254\" class=\"uvc-heading ult-adjust-bottom-margin ultimate-heading-61969f09b4e04254 uvc-3647 \" data-hspacer=\"no_spacer\"  data-halign=\"left\" style=\"text-align:left\"><div class=\"uvc-heading-spacer no_spacer\" style=\"top\"><\/div><div class=\"uvc-main-heading ult-responsive\"  data-ultimate-target='.uvc-heading.ultimate-heading-61969f09b4e04254 h2'  data-responsive-json-new='{\"font-size\":\"desktop:34px;\",\"line-height\":\"desktop:44px;\"}' ><h2 style=\"--font-weight:theme;margin-bottom:8px;\">PROMOCLUB - Private Outlet<\/h2><\/div><div class=\"uvc-sub-heading ult-responsive\"  data-ultimate-target='.uvc-heading.ultimate-heading-61969f09b4e04254 .uvc-sub-heading '  data-responsive-json-new='{\"font-size\":\"desktop:20px;\",\"line-height\":\"desktop:32px;\"}'  style=\"font-weight:normal;color:#adb0b6;margin-bottom:25px;\">Lo shopping ideale<\/div><\/div>[vc_column_text css=&#8221;.vc_custom_1651740395470{margin-bottom: -30px !important;}&#8221;]PROMOCLUB, PRIVATE OUTLET, \u00e8 un&#8217;innovativa catena di outlet multimarca specializzata nella vendita di grandi marche con la massima convenienza.<br \/>\nPROMOCLUB \u00e8 lo shopping ideale, perch\u00e9 \u00e8:[\/vc_column_text][vc_icon icon_fontawesome=&#8221;fas fa-arrow-right&#8221; color=&#8221;custom&#8221; size=&#8221;lg&#8221; align=&#8221;right&#8221; css_animation=&#8221;fadeInLeft&#8221; custom_color=&#8221;#98c73f&#8221;][vc_empty_space height=&#8221;20px&#8221;][vc_separator][vc_empty_space height=&#8221;20px&#8221;]<div id=\"ultimate-heading-565669f09b4e042a7\" class=\"uvc-heading ult-adjust-bottom-margin ultimate-heading-565669f09b4e042a7 uvc-209 accent-border-color\" data-hspacer=\"no_spacer\"  data-halign=\"left\" style=\"text-align:left\"><div class=\"uvc-heading-spacer no_spacer\" style=\"top\"><\/div><div class=\"uvc-main-heading ult-responsive\"  data-ultimate-target='.uvc-heading.ultimate-heading-565669f09b4e042a7 h2'  data-responsive-json-new='{\"font-size\":\"desktop:18px;\",\"line-height\":\"desktop:30px;\"}' ><h2 style=\"font-weight:bold;margin-bottom:12px;\">APPROPRIATO<\/h2><\/div><div class=\"uvc-sub-heading ult-responsive\"  data-ultimate-target='.uvc-heading.ultimate-heading-565669f09b4e042a7 .uvc-sub-heading '  data-responsive-json-new='{\"font-size\":\"\",\"line-height\":\"desktop:26px;\"}'  style=\"font-weight:normal;\">Le offerte PROMOCLUB soddisfano ogni occasione ed ogni desiderio di acquisto.<br \/>\nPROMOCLUB \u00e8 puntualit\u00e0, variet\u00e0 e comodit\u00e0!<br \/>\nDa PROMOCLUB puoi soddisfare i tuoi desideri o le tue necessit\u00e0, e trasformare ogni acquisto in un regalo per te stesso.<br \/>\nOgni giorno dell&#8217;anno, nei negozi PROMOCLUB puoi trovare un vastissimo assortimento di prodotti.<br \/>\n<strong>E sul sito di e-commerce<\/strong>, puoi acquistare i nostri articoli in tutta comodit\u00e0 da casa tua.<\/p>\n<p>Per gli orari e per informazioni su tutti gli altri negozi Promoclub visita: <strong>www.promoclub.it<\/strong><\/p>\n<p><\/div><\/div>[\/vc_column][vc_column offset=&#8221;vc_col-lg-6 vc_col-md-6 vc_col-xs-12&#8243;][vc_row_inner equal_height=&#8221;yes&#8221; css=&#8221;.vc_custom_1479114323849{margin-top: -8px !important;}&#8221;][vc_column_inner width=&#8221;1\/2&#8243; css=&#8221;.vc_custom_1479919572958{padding-bottom: 30px !important;}&#8221;]<div id=\"ultimate-heading-119369f09b4e042df\" class=\"uvc-heading ult-adjust-bottom-margin ultimate-heading-119369f09b4e042df uvc-3257 \" data-hspacer=\"no_spacer\"  data-halign=\"left\" style=\"text-align:left\"><div class=\"uvc-heading-spacer no_spacer\" style=\"top\"><\/div><div class=\"uvc-main-heading ult-responsive\"  data-ultimate-target='.uvc-heading.ultimate-heading-119369f09b4e042df h2'  data-responsive-json-new='{\"font-size\":\"desktop:65px;\",\"line-height\":\"desktop:75px;\"}' ><h2 style=\"font-weight:bold;color:rgba(152,199,63,0.4);margin-bottom:5px;\">01.<\/h2><\/div><\/div><div id=\"ultimate-heading-631069f09b4e04311\" class=\"uvc-heading ult-adjust-bottom-margin ultimate-heading-631069f09b4e04311 uvc-3337 accent-border-color\" data-hspacer=\"no_spacer\"  data-halign=\"left\" style=\"text-align:left\"><div class=\"uvc-heading-spacer no_spacer\" style=\"top\"><\/div><div class=\"uvc-main-heading ult-responsive\"  data-ultimate-target='.uvc-heading.ultimate-heading-631069f09b4e04311 h2'  data-responsive-json-new='{\"font-size\":\"desktop:18px;\",\"line-height\":\"desktop:30px;\"}' ><h2 style=\"font-weight:bold;margin-bottom:12px;\">LOW COST<\/h2><\/div><div class=\"uvc-sub-heading ult-responsive\"  data-ultimate-target='.uvc-heading.ultimate-heading-631069f09b4e04311 .uvc-sub-heading '  data-responsive-json-new='{\"font-size\":\"\",\"line-height\":\"desktop:26px;\"}'  style=\"font-weight:normal;\">vendiamo grandi marche, con sconti fino al <strong>80%<\/strong><\/div><\/div>[\/vc_column_inner][vc_column_inner width=&#8221;1\/2&#8243; css=&#8221;.vc_custom_1479919579020{padding-bottom: 30px !important;}&#8221;]<div id=\"ultimate-heading-57769f09b4e04343\" class=\"uvc-heading ult-adjust-bottom-margin ultimate-heading-57769f09b4e04343 uvc-8420 \" data-hspacer=\"no_spacer\"  data-halign=\"left\" style=\"text-align:left\"><div class=\"uvc-heading-spacer no_spacer\" style=\"top\"><\/div><div class=\"uvc-main-heading ult-responsive\"  data-ultimate-target='.uvc-heading.ultimate-heading-57769f09b4e04343 h2'  data-responsive-json-new='{\"font-size\":\"desktop:65px;\",\"line-height\":\"desktop:75px;\"}' ><h2 style=\"font-weight:bold;color:rgba(152,199,63,0.4);margin-bottom:5px;\">02.<\/h2><\/div><\/div><div id=\"ultimate-heading-115369f09b4e04371\" class=\"uvc-heading ult-adjust-bottom-margin ultimate-heading-115369f09b4e04371 uvc-6658 accent-border-color\" data-hspacer=\"no_spacer\"  data-halign=\"left\" style=\"text-align:left\"><div class=\"uvc-heading-spacer no_spacer\" style=\"top\"><\/div><div class=\"uvc-main-heading ult-responsive\"  data-ultimate-target='.uvc-heading.ultimate-heading-115369f09b4e04371 h2'  data-responsive-json-new='{\"font-size\":\"desktop:18px;\",\"line-height\":\"desktop:30px;\"}' ><h2 style=\"font-weight:bold;margin-bottom:12px;\">VARIO<\/h2><\/div><div class=\"uvc-sub-heading ult-responsive\"  data-ultimate-target='.uvc-heading.ultimate-heading-115369f09b4e04371 .uvc-sub-heading '  data-responsive-json-new='{\"font-size\":\"\",\"line-height\":\"desktop:26px;\"}'  style=\"font-weight:normal;\">trattiamo abbigliamento e gioielli, food&amp;wine e arredamento, elettronica, viaggi, cura della persona e molte altre categorie ancora!<\/div><\/div>[\/vc_column_inner][vc_column_inner width=&#8221;1\/2&#8243; css=&#8221;.vc_custom_1479919584839{padding-bottom: 30px !important;}&#8221;]<div id=\"ultimate-heading-459369f09b4e043a2\" class=\"uvc-heading ult-adjust-bottom-margin ultimate-heading-459369f09b4e043a2 uvc-3941 \" data-hspacer=\"no_spacer\"  data-halign=\"left\" style=\"text-align:left\"><div class=\"uvc-heading-spacer no_spacer\" style=\"top\"><\/div><div class=\"uvc-main-heading ult-responsive\"  data-ultimate-target='.uvc-heading.ultimate-heading-459369f09b4e043a2 h2'  data-responsive-json-new='{\"font-size\":\"desktop:65px;\",\"line-height\":\"desktop:75px;\"}' ><h2 style=\"font-weight:bold;color:rgba(152,199,63,0.4);margin-bottom:5px;\">03.<\/h2><\/div><\/div><div id=\"ultimate-heading-107569f09b4e043d0\" class=\"uvc-heading ult-adjust-bottom-margin ultimate-heading-107569f09b4e043d0 uvc-5647 accent-border-color\" data-hspacer=\"no_spacer\"  data-halign=\"left\" style=\"text-align:left\"><div class=\"uvc-heading-spacer no_spacer\" style=\"top\"><\/div><div class=\"uvc-main-heading ult-responsive\"  data-ultimate-target='.uvc-heading.ultimate-heading-107569f09b4e043d0 h2'  data-responsive-json-new='{\"font-size\":\"desktop:18px;\",\"line-height\":\"desktop:30px;\"}' ><h2 style=\"font-weight:bold;margin-bottom:12px;\">ESCLUSIVO<\/h2><\/div><div class=\"uvc-sub-heading ult-responsive\"  data-ultimate-target='.uvc-heading.ultimate-heading-107569f09b4e043d0 .uvc-sub-heading '  data-responsive-json-new='{\"font-size\":\"\",\"line-height\":\"desktop:26px;\"}'  style=\"font-weight:normal;\">le promozioni PROMOCLUB sono riservate a <strong>clienti tesserati<\/strong>, dipendenti o collaboratori di aziende convenzionate<\/div><\/div>[\/vc_column_inner][vc_column_inner width=&#8221;1\/2&#8243; css=&#8221;.vc_custom_1479919590308{padding-bottom: 30px !important;}&#8221;]<div id=\"ultimate-heading-17969f09b4e043ff\" class=\"uvc-heading ult-adjust-bottom-margin ultimate-heading-17969f09b4e043ff uvc-872 \" data-hspacer=\"no_spacer\"  data-halign=\"left\" style=\"text-align:left\"><div class=\"uvc-heading-spacer no_spacer\" style=\"top\"><\/div><div class=\"uvc-main-heading ult-responsive\"  data-ultimate-target='.uvc-heading.ultimate-heading-17969f09b4e043ff h2'  data-responsive-json-new='{\"font-size\":\"desktop:65px;\",\"line-height\":\"desktop:75px;\"}' ><h2 style=\"font-weight:bold;color:rgba(152,199,63,0.4);margin-bottom:5px;\">04.<\/h2><\/div><\/div>[vc_column_text]<span style=\"color: #2d467b;\">Per ottener<strong>e<\/strong><\/span><strong><span style=\"color: #2d467b;\"><strong> la<\/strong> Carta Promoclub <\/span><\/strong><span style=\"color: #2d467b;\">vai su<\/span><strong><span style=\"color: #2d467b;\"> www.promoclub.it <\/span><\/strong><span style=\"color: #2d467b;\">e inserisci la tua email e il codice di registrazione<\/span><strong>\u00a0UILAALLIANZ <\/strong>nel box <strong>&#8221;Registrati&#8221; <\/strong>che trovi in homepage. Riceverai una email di conferma con il link per la registrazione, ultimata la quale sarai ufficialmente registrato e potrai gi\u00e0 acquistare sul\u00a0nostro e-shop e ritirare la Carta in qualsiasi punto vendita Promoclub chiedendo in cassa. Ti verranno consegnate due tessere una principale per te e una per un tuo familiare.<\/p>\n<p><strong>A MILANO SIAMO:<\/strong><\/p>\n<p><strong>MILANO BOERI<br \/>\n<\/strong>Via Boeri 11<br \/>\n<strong>MILANO CITYLIFE<br \/>\n<\/strong>Viale Boezio 20<br \/>\n<strong>MILANO GARIBALDI<br \/>\n<\/strong>Via E. Tazzoli 112<strong><br \/>\n<\/strong><strong>MILANO RIZZOLI<br \/>\n<\/strong>Via A. Rizzoli 1<\/p>\n<p>&nbsp;<\/p>\n<p>[\/vc_column_text][\/vc_column_inner][\/vc_row_inner][\/vc_column][\/vc_row]<\/p>\n","protected":false},"excerpt":{"rendered":"<p>[vc_row type=&#8221;vc_default&#8221; full_width=&#8221;stretch_row&#8221; margin_top=&#8221;75&#8243; margin_bottom=&#8221;20&#8243; bg_type=&#8221;bg_color&#8221; seperator_enable=&#8221;seperator_enable_value&#8221; seperator_type=&#8221;triangle_svg_seperator&#8221; seperator_svg_height=&#8221;30&#8243; seperator_shape_background=&#8221;#f8f8f9&#8243; min_height=&#8221;0&#8243; css=&#8221;.vc_custom_1479919687423{padding-top: 90px !important;padding-bottom: 70px !important;background-color: #ffffff !important;}&#8221; bg_color_value=&#8221;#ffffff&#8221;][vc_column offset=&#8221;vc_col-lg-6 vc_col-md-6 vc_col-xs-12&#8243; css=&#8221;.vc_custom_1479919679995{padding-bottom: 30px !important;}&#8221;][vc_column_text css=&#8221;.vc_custom_1651740395470{margin-bottom: -30px !important;}&#8221;]PROMOCLUB, PRIVATE OUTLET, \u00e8 un&#8217;innovativa catena di outlet multimarca specializzata nella vendita di grandi marche con la massima convenienza. PROMOCLUB \u00e8 lo shopping ideale, perch\u00e9 \u00e8:[\/vc_column_text][vc_icon icon_fontawesome=&#8221;fas fa-arrow-right&#8221;&hellip;<\/p>\n","protected":false},"author":1,"featured_media":0,"parent":0,"menu_order":0,"comment_status":"closed","ping_status":"closed","template":"","meta":{"footnotes":""},"class_list":["post-15082","page","type-page","status-publish","hentry","description-off"],"acf":[],"_links":{"self":[{"href":"https:\/\/gruppoanziani.it\/index.php\/wp-json\/wp\/v2\/pages\/15082","targetHints":{"allow":["GET"]}}],"collection":[{"href":"https:\/\/gruppoanziani.it\/index.php\/wp-json\/wp\/v2\/pages"}],"about":[{"href":"https:\/\/gruppoanziani.it\/index.php\/wp-json\/wp\/v2\/types\/page"}],"author":[{"embeddable":true,"href":"https:\/\/gruppoanziani.it\/index.php\/wp-json\/wp\/v2\/users\/1"}],"replies":[{"embeddable":true,"href":"https:\/\/gruppoanziani.it\/index.php\/wp-json\/wp\/v2\/comments?post=15082"}],"version-history":[{"count":19,"href":"https:\/\/gruppoanziani.it\/index.php\/wp-json\/wp\/v2\/pages\/15082\/revisions"}],"predecessor-version":[{"id":15559,"href":"https:\/\/gruppoanziani.it\/index.php\/wp-json\/wp\/v2\/pages\/15082\/revisions\/15559"}],"wp:attachment":[{"href":"https:\/\/gruppoanziani.it\/index.php\/wp-json\/wp\/v2\/media?parent=15082"}],"curies":[{"name":"wp","href":"https:\/\/api.w.org\/{rel}","templated":true}]}}