{"id":15159,"date":"2022-05-09T07:44:33","date_gmt":"2022-05-09T07:44:33","guid":{"rendered":"https:\/\/gruppoanziani.it\/?page_id=15159"},"modified":"2025-12-04T10:26:42","modified_gmt":"2025-12-04T10:26:42","slug":"convenzioni","status":"publish","type":"page","link":"https:\/\/gruppoanziani.it\/index.php\/convenzioni\/","title":{"rendered":"Convenzioni"},"content":{"rendered":"<p>[vc_row][vc_column width=&#8221;1\/2&#8243;]<div class=\"info-wrapper ult-adjust-bottom-margin\"><div id=\"info-circle-wrapper-6a07084d8b5ab\" data-uniqid=\"6a07084d8b5ab\" class=\"info-circle-wrapper  info-circle-responsive \" data-half-percentage=\"70\" data-circle-type=\"full-circle\"><div class=\"info-c-full-br\" style='border:2px dotted #e2e2e2;width:100%;opacity:0;' data-start-degree=\"90\" data-divert=\"\" data-info-circle-angle=\"full\" data-responsive-circle=\"on\" data-responsive-breakpoint=\"400\" data-launch=\"easeOutBounce\" data-launch-duration=\"0.6\" data-launch-delay=\"0.2\" data-slide-true=\"on\" data-slide-duration=\"8\" data-icon-size=\"28\" data-icon-show=\"not-show\" data-icon-show-size=\"\" data-highlight-style=\"info-circle-pop\" data-focus-on=\"hover\"><div  class=\"icon-circle-list\"><div class=\"info-circle-icons \" style=\"background:#ff5e3a;color:#ffffff;\" ><i class=\"icomoon-the7-font-the7-login-05 info-circle-icon\" ><\/i><\/div><div class=\"info-details\" data-icon-class=\"ult-info-circle-icon\"><div class=\"info-circle-def\"><div  class=\"info-circle-sub-def\"><i class=\"icomoon-the7-font-the7-login-05 info-circle-icon\" ><\/i><div class=\"responsive-font-class ult-responsive\" ><h3  data-ultimate-target='#info-cirlce-wrap-4056 .responsive-font-class h3.new-cust-responsive-class'  data-responsive-json-new='{\"font-size\":\"desktop:25px;\",\"line-height\":\"desktop:35px;\"}'  class=\"info-circle-heading ult-responsive new-cust-responsive-class\" style=\"font-family:&#039;Montserrat&#039;;font-weight:normal;\">ASSOCAAF SpA<\/h3><div  class=\"info-circle-text \" style=\"font-weight:normal;\"><a href=\"https:\/\/gruppoanziani.it\/index.php\/assocaaf\/\">ASSOCAAF<\/a> \u00e8 la medesima societ\u00e0 che svolge con elevata professionalit\u00e0, competenza e soddisfazione dell\u2019 utenza l\u2019assistenza fiscale per i dipendenti del gruppo Allianz.<\/div><\/div><\/div><\/div><\/div><div class=\"info-circle-icons \" style=\"background:#3344e0;color:#ffffff;\" ><i class=\"icomoon-the7-font-the7-cart-04 info-circle-icon\" ><\/i><\/div><div class=\"info-details\" data-icon-class=\"ult-info-circle-icon\"><div class=\"info-circle-def\"><div  class=\"info-circle-sub-def\"><i class=\"icomoon-the7-font-the7-cart-04 info-circle-icon\" ><\/i><div class=\"responsive-font-class ult-responsive\" ><h3  data-ultimate-target='#info-cirlce-wrap-4056 .responsive-font-class h3.new-cust-responsive-class'  data-responsive-json-new='{\"font-size\":\"desktop:25px;\",\"line-height\":\"desktop:35px;\"}'  class=\"info-circle-heading ult-responsive new-cust-responsive-class\" style=\"font-family:&#039;Montserrat&#039;;font-weight:normal;\">PROMOCLUB<\/h3><div  class=\"info-circle-text \" style=\"font-weight:normal;\"><\/p>\n<div class=\"wpb_text_column wpb_content_element vc_custom_1651740395470\">\n<div class=\"wpb_wrapper\">\n<p><a href=\"https:\/\/gruppoanziani.it\/index.php\/promoclub\/\">PROMOCLUB<\/a>, PRIVATE OUTLET, \u00e8 un\u2019innovativa catena di outlet multimarca specializzata nella vendita di grandi marche con la massima convenienza.<br \/>\nPROMOCLUB \u00e8 lo shopping ideale.<\/p>\n<\/div>\n<\/div>\n<div class=\"vc_icon_element vc_icon_element-outer wpb_animate_when_almost_visible wpb_fadeInLeft fadeInLeft vc_icon_element-align-right wpb_start_animation animated\">\n<div class=\"vc_icon_element-inner vc_icon_element-color-custom vc_icon_element-size-lg vc_icon_element-style- vc_icon_element-background-color-grey\"><\/div>\n<\/div>\n<p><\/div><\/div><\/div><\/div><\/div><div class=\"info-circle-icons \" style=\"background:#3344e0;color:#ffffff;\" ><i class=\"icomoon-the7-font-the7-cart-04 info-circle-icon\" ><\/i><\/div><div class=\"info-details\" data-icon-class=\"ult-info-circle-icon\"><div class=\"info-circle-def\"><div  class=\"info-circle-sub-def\"><i class=\"icomoon-the7-font-the7-cart-04 info-circle-icon\" ><\/i><div class=\"responsive-font-class ult-responsive\" ><h3  data-ultimate-target='#info-cirlce-wrap-4056 .responsive-font-class h3.new-cust-responsive-class'  data-responsive-json-new='{\"font-size\":\"desktop:25px;\",\"line-height\":\"desktop:35px;\"}'  class=\"info-circle-heading ult-responsive new-cust-responsive-class\" style=\"font-family:&#039;Montserrat&#039;;font-weight:normal;\">LONGO<\/h3><div  class=\"info-circle-text \" style=\"font-weight:normal;\"><\/p>\n<div class=\"wpb_text_column wpb_content_element vc_custom_1651743825563\">\n<div class=\"wpb_wrapper\">\n<p>Un\u2019azienda famigliare che dal 1961 attraverso tre generazioni, \u00e8 cresciuta con competenza e passione, condividendo un profondo impegno nella <strong>valorizzazione delle tradizioni enogastronomiche italiane<\/strong>.<\/p>\n<\/div>\n<\/div>\n<p><\/div><\/div><\/div><\/div><\/div><div class=\"info-circle-icons \" style=\"background:#ff5e3a;color:#ffffff;\" ><i class=\"icomoon-the7-font-the7-login-05 info-circle-icon\" ><\/i><\/div><div class=\"info-details\" data-icon-class=\"ult-info-circle-icon\"><div class=\"info-circle-def\"><div  class=\"info-circle-sub-def\"><i class=\"icomoon-the7-font-the7-login-05 info-circle-icon\" ><\/i><div class=\"responsive-font-class ult-responsive\" ><h3  data-ultimate-target='#info-cirlce-wrap-4056 .responsive-font-class h3.new-cust-responsive-class'  data-responsive-json-new='{\"font-size\":\"desktop:25px;\",\"line-height\":\"desktop:35px;\"}'  class=\"info-circle-heading ult-responsive new-cust-responsive-class\" style=\"font-family:&#039;Montserrat&#039;;font-weight:normal;\">Allianz Direct<\/h3><div  class=\"info-circle-text \" style=\"font-weight:normal;\">Entra a far parte del mondo Allianz Direct e potrai usufruire di numerosi vantaggi!!<\/p>\n<p>Inizia a risparmiare grazie alle nostre partnership! Sconti sulla polizza auto, Casa e Famiglia.<\/div><\/div><\/div><\/div><\/div><div class=\"info-circle-icons \" style=\"background:#60e534;color:#ffffff;\" ><i class=\"fab fa-telegram-plane info-circle-icon\" ><\/i><\/div><div class=\"info-details\" data-icon-class=\"ult-info-circle-icon\"><div class=\"info-circle-def\"><div  class=\"info-circle-sub-def\"><i class=\"fab fa-telegram-plane info-circle-icon\" ><\/i><div class=\"responsive-font-class ult-responsive\" ><h3  data-ultimate-target='#info-cirlce-wrap-4056 .responsive-font-class h3.new-cust-responsive-class'  data-responsive-json-new='{\"font-size\":\"desktop:25px;\",\"line-height\":\"desktop:35px;\"}'  class=\"info-circle-heading ult-responsive new-cust-responsive-class\" style=\"font-family:&#039;Montserrat&#039;;font-weight:normal;\">Agenzie Viaggi<\/h3><div  class=\"info-circle-text \" style=\"font-weight:normal;\">Agenzie di Viaggi, nostre partners, che possono offrirti sconti su viaggi che potrai organizzarti in autonomia.<\/div><\/div><\/div><\/div><\/div><div class=\"info-circle-icons \" style=\"background:#ff5e3a;color:#ffffff;\" ><i class=\"icomoon-the7-font-the7-login-05 info-circle-icon\" ><\/i><\/div><div class=\"info-details\" data-icon-class=\"ult-info-circle-icon\"><div class=\"info-circle-def\"><div  class=\"info-circle-sub-def\"><i class=\"icomoon-the7-font-the7-login-05 info-circle-icon\" ><\/i><div class=\"responsive-font-class ult-responsive\" ><h3  data-ultimate-target='#info-cirlce-wrap-4056 .responsive-font-class h3.new-cust-responsive-class'  data-responsive-json-new='{\"font-size\":\"desktop:25px;\",\"line-height\":\"desktop:35px;\"}'  class=\"info-circle-heading ult-responsive new-cust-responsive-class\" style=\"font-family:&#039;Montserrat&#039;;font-weight:normal;\">CSP Studio<\/h3><div  class=\"info-circle-text \" style=\"font-weight:normal;\">CSP Studio Servizi fiscali<\/div><\/div><\/div><\/div><\/div><div class=\"info-circle-icons \" style=\"background:#3344e0;color:#ffffff;\" ><i class=\"icomoon-the7-font-the7-cart-04 info-circle-icon\" ><\/i><\/div><div class=\"info-details\" data-icon-class=\"ult-info-circle-icon\"><div class=\"info-circle-def\"><div  class=\"info-circle-sub-def\"><i class=\"icomoon-the7-font-the7-cart-04 info-circle-icon\" ><\/i><div class=\"responsive-font-class ult-responsive\" ><h3  data-ultimate-target='#info-cirlce-wrap-4056 .responsive-font-class h3.new-cust-responsive-class'  data-responsive-json-new='{\"font-size\":\"desktop:25px;\",\"line-height\":\"desktop:35px;\"}'  class=\"info-circle-heading ult-responsive new-cust-responsive-class\" style=\"font-family:&#039;Montserrat&#039;;font-weight:normal;\">Arcaplanet<\/h3><div  class=\"info-circle-text \" style=\"font-weight:normal;\">Tutto ci\u00f2 che serve per il benessere del tuo pet<\/div><\/div><\/div><\/div><\/div><div class=\"info-circle-icons \" style=\"background:#37f2e5;color:#ffffff;\" ><i class=\"icomoon-the7-font-the7-plus-03 info-circle-icon\" ><\/i><\/div><div class=\"info-details\" data-icon-class=\"ult-info-circle-icon\"><div class=\"info-circle-def\"><div  class=\"info-circle-sub-def\"><i class=\"icomoon-the7-font-the7-plus-03 info-circle-icon\" ><\/i><div class=\"responsive-font-class ult-responsive\" ><h3  data-ultimate-target='#info-cirlce-wrap-4056 .responsive-font-class h3.new-cust-responsive-class'  data-responsive-json-new='{\"font-size\":\"desktop:25px;\",\"line-height\":\"desktop:35px;\"}'  class=\"info-circle-heading ult-responsive new-cust-responsive-class\" style=\"font-family:&#039;Montserrat&#039;;font-weight:normal;\">Centro Acustico Certosa<\/h3><div  class=\"info-circle-text \" style=\"font-weight:normal;\"><\/div><\/div><\/div><\/div><\/div><div class=\"info-circle-icons \" style=\"background:#37f2e5;color:#ffffff;\" ><i class=\"icomoon-the7-font-the7-plus-03 info-circle-icon\" ><\/i><\/div><div class=\"info-details\" data-icon-class=\"ult-info-circle-icon\"><div class=\"info-circle-def\"><div  class=\"info-circle-sub-def\"><i class=\"icomoon-the7-font-the7-plus-03 info-circle-icon\" ><\/i><div class=\"responsive-font-class ult-responsive\" ><h3  data-ultimate-target='#info-cirlce-wrap-4056 .responsive-font-class h3.new-cust-responsive-class'  data-responsive-json-new='{\"font-size\":\"desktop:25px;\",\"line-height\":\"desktop:35px;\"}'  class=\"info-circle-heading ult-responsive new-cust-responsive-class\" style=\"font-family:&#039;Montserrat&#039;;font-weight:normal;\">Centri Odontoiatrici Primo Caredent<\/h3><div  class=\"info-circle-text \" style=\"font-weight:normal;\">La convenzione,\u00a0<u>estesa ai parenti di primo grado<\/u>, prevede uno sconto del 15% su tutti i servizi odontoiatrici ed in tutte le sedi d&#8217;Italia presentando la tessera UILA<u>.<\/u><\/div><\/div><\/div><\/div><\/div><div class=\"info-circle-icons \" style=\"background:#f4ed13;color:#ffffff;\" ><i class=\"fas fa-futbol info-circle-icon\" ><\/i><\/div><div class=\"info-details\" data-icon-class=\"ult-info-circle-icon\"><div class=\"info-circle-def\"><div  class=\"info-circle-sub-def\"><i class=\"fas fa-futbol info-circle-icon\" ><\/i><div class=\"responsive-font-class ult-responsive\" ><h3  data-ultimate-target='#info-cirlce-wrap-4056 .responsive-font-class h3.new-cust-responsive-class'  data-responsive-json-new='{\"font-size\":\"desktop:25px;\",\"line-height\":\"desktop:35px;\"}'  class=\"info-circle-heading ult-responsive new-cust-responsive-class\" style=\"font-family:&#039;Montserrat&#039;;font-weight:normal;\">Campi estivi Playoff Sport &amp; Events<\/h3><div  class=\"info-circle-text \" style=\"font-weight:normal;\">PlayOff Sport &amp; Events \u00e8 una societ\u00e0 sportiva dilettantistica nata dalla visione condivisa e dalla passione dei suoi soci fondatori per lo sport.<\/p>\n<p>Questo gruppo, arricchito da molteplici esperienze sia nel settore sportivo che in altri ambiti, ha dato vita a un progetto innovativo e unico nel suo genere.<\/div><\/div><\/div><\/div><\/div><div class=\"info-circle-icons \" style=\"background:#60e534;color:#ffffff;\" ><i class=\"icomoon-the7-font-telegram info-circle-icon\" ><\/i><\/div><div class=\"info-details\" data-icon-class=\"ult-info-circle-icon\"><div class=\"info-circle-def\"><div  class=\"info-circle-sub-def\"><i class=\"icomoon-the7-font-telegram info-circle-icon\" ><\/i><div class=\"responsive-font-class ult-responsive\" ><h3  data-ultimate-target='#info-cirlce-wrap-4056 .responsive-font-class h3.new-cust-responsive-class'  data-responsive-json-new='{\"font-size\":\"desktop:25px;\",\"line-height\":\"desktop:35px;\"}'  class=\"info-circle-heading ult-responsive new-cust-responsive-class\" style=\"font-family:&#039;Montserrat&#039;;font-weight:normal;\">Hotel Toscana ****<\/h3><div  class=\"info-circle-text \" style=\"font-weight:normal;\">Dal 1955<\/div><\/div><\/div><\/div><\/div><div class=\"info-circle-icons \" style=\"background:#37f2e5;color:#ffffff;\" ><i class=\"icomoon-the7-font-the7-plus-00 info-circle-icon\" ><\/i><\/div><div class=\"info-details\" data-icon-class=\"ult-info-circle-icon\"><div class=\"info-circle-def\"><div  class=\"info-circle-sub-def\"><i class=\"icomoon-the7-font-the7-plus-00 info-circle-icon\" ><\/i><div class=\"responsive-font-class ult-responsive\" ><h3  data-ultimate-target='#info-cirlce-wrap-4056 .responsive-font-class h3.new-cust-responsive-class'  data-responsive-json-new='{\"font-size\":\"desktop:25px;\",\"line-height\":\"desktop:35px;\"}'  class=\"info-circle-heading ult-responsive new-cust-responsive-class\" style=\"font-family:&#039;Montserrat&#039;;font-weight:normal;\">Osteopatia e Ginnastica posturale<\/h3><div  class=\"info-circle-text \" style=\"font-weight:normal;\"><\/div><\/div><\/div><\/div><\/div><div class=\"info-circle-icons \" style=\"background:#3344e0;color:#ffffff;\" ><i class=\"icomoon-the7-font-the7-cart-04 info-circle-icon\" ><\/i><\/div><div class=\"info-details\" data-icon-class=\"ult-info-circle-icon\"><div class=\"info-circle-def\"><div  class=\"info-circle-sub-def\"><i class=\"icomoon-the7-font-the7-cart-04 info-circle-icon\" ><\/i><div class=\"responsive-font-class ult-responsive\" ><h3  data-ultimate-target='#info-cirlce-wrap-4056 .responsive-font-class h3.new-cust-responsive-class'  data-responsive-json-new='{\"font-size\":\"desktop:25px;\",\"line-height\":\"desktop:35px;\"}'  class=\"info-circle-heading ult-responsive new-cust-responsive-class\" style=\"font-family:&#039;Montserrat&#039;;font-weight:normal;\">Cisalfa - Sport e Abbigliamento<\/h3><div  class=\"info-circle-text \" style=\"font-weight:normal;\"><\/div><\/div><\/div><\/div><\/div><div class=\"info-circle-icons \" style=\"background:#8224e3;color:#ffffff;\" ><i class=\"icomoon-brankic-32x32-dollar2 info-circle-icon\" ><\/i><\/div><div class=\"info-details\" data-icon-class=\"ult-info-circle-icon\"><div class=\"info-circle-def\"><div  class=\"info-circle-sub-def\"><i class=\"icomoon-brankic-32x32-dollar2 info-circle-icon\" ><\/i><div class=\"responsive-font-class ult-responsive\" ><h3  data-ultimate-target='#info-cirlce-wrap-4056 .responsive-font-class h3.new-cust-responsive-class'  data-responsive-json-new='{\"font-size\":\"desktop:25px;\",\"line-height\":\"desktop:35px;\"}'  class=\"info-circle-heading ult-responsive new-cust-responsive-class\" style=\"font-family:&#039;Montserrat&#039;;font-weight:normal;\">Risparmio<\/h3><div  class=\"info-circle-text \" style=\"font-weight:normal;\"><\/div><\/div><\/div><\/div><\/div><\/div><div id=\"info-cirlce-wrap-4056\" class=\"info-c-full\" style=\"background-color:;color:#7f7f7f;width:80%;height:80%;margin:10%;\"><div class=\"info-c-full-wrap\"><\/div><\/div><\/div><div class=\"smile_icon_list_wrap \" data-content_bg=\"\" data-content_color=\"#7f7f7f\">\n\t\t\t\t\t\t\t<ul id=\"info-cirlce-wrap-4056\" class=\"smile_icon_list left circle with_bg\"><li class=\"icon_list_item\" style=\"font-size:84px;\">\n\t\t\t\t\t\t\t\t\t<div class=\"icon_list_icon\" style=\"font-size:28px;width:28px;height:28px;line-height:1;\">\n\t\t\t\t\t\t\t\t\t\t<i class=\"smt-pencil\"><\/i>\n\t\t\t\t\t\t\t\t\t<\/div>\n\t\t\t\t\t\t\t\t\t<div  class=\"icon_description\" style=\"font-size:28px;\">\n\t\t\t\t\t\t\t\t\t\t<div class=\"responsive-font-class ult-responsive\"  data-ultimate-target='#info-cirlce-wrap-4056 .responsive-font-class *'  data-responsive-json-new='{\"font-size\":\"desktop:14px;\",\"line-height\":\"desktop:24px;\"}'  style=\"font-weight:normal;\">\n\t\t\t\t\t\t\t\t\t\t\t<h3  data-ultimate-target='#info-cirlce-wrap-4056 .responsive-font-class h3.new-cust-responsive-class'  data-responsive-json-new='{\"font-size\":\"desktop:25px;\",\"line-height\":\"desktop:35px;\"}'  class=\"ult-responsive new-cust-responsive-class\" style=\"font-family:&#039;Montserrat&#039;;font-weight:normal;\"><\/h3>\n\t\t\t\t\t\t\t\t\t\t\t<p><\/p>\n\t\t\t\t\t\t\t\t\t\t<\/div>\n\t\t\t\t\t\t\t\t\t<\/div>\n\t\t\t\t\t\t\t\t\t<div class=\"icon_list_connector\" style=\" border-style:dotted;border-color:#e2e2e2; left:14px; top:28px;\">\n\t\t\t\t\t\t\t\t\t<\/div><\/li><\/ul>\n\t\t\t\t\t\t<\/div><\/div><\/div>[\/vc_column][vc_column width=&#8221;1\/2&#8243;]<div id=\"ultimate-heading-38986a07084d8b844\" class=\"uvc-heading ult-adjust-bottom-margin ultimate-heading-38986a07084d8b844 uvc-9357  uvc-heading-default-font-sizes\" data-hspacer=\"no_spacer\"  data-halign=\"left\" style=\"text-align:left\"><div class=\"uvc-heading-spacer no_spacer\" style=\"top\"><\/div><div class=\"uvc-main-heading ult-responsive\"  data-ultimate-target='.uvc-heading.ultimate-heading-38986a07084d8b844 h2'  data-responsive-json-new='{\"font-size\":\"\",\"line-height\":\"\"}' ><h2 style=\"--font-weight:theme;\">Scopri le convenzioni riservate ai soci<\/h2><\/div><div class=\"uvc-sub-heading ult-responsive\"  data-ultimate-target='.uvc-heading.ultimate-heading-38986a07084d8b844 .uvc-sub-heading '  data-responsive-json-new='{\"font-size\":\"\",\"line-height\":\"\"}'  style=\"font-weight:normal;\"><\/p>\n<p style=\"text-align: left;\">Qui troverai tutte le agevolazioni a cui potrai accedere<\/p>\n<p><\/div><\/div>[vc_empty_space]<div class=\"standard-arrow list-divider bullet-top\"><ul>\n<li>\n<p class=\"fancy-title entry-title start-animation-done start-animation\"><a href=\"https:\/\/gruppoanziani.it\/index.php\/assocaaf\/\">ASSOCAAF SpA\u00a0<\/a><\/p>\n<\/li>\n<li>\n<p class=\"fancy-title entry-title start-animation-done start-animation\"><a href=\"https:\/\/gruppoanziani.it\/index.php\/promoclub\/\">PROMOCLUB<\/a><\/p>\n<\/li>\n<li>\n<p class=\"fancy-title entry-title start-animation-done start-animation\"><a href=\"https:\/\/gruppoanziani.it\/index.php\/longo-vini-di-eccellenza\">LONGO<\/a> &#8211; vini di eccellenza<\/p>\n<\/li>\n<li>\n<p class=\"fancy-title entry-title start-animation-done start-animation\"><a href=\"https:\/\/gruppoanziani.it\/index.php\/allianz-direct\/\">Allianz Direct<\/a><\/p>\n<\/li>\n<li><a href=\"https:\/\/gruppoanziani.it\/index.php\/agenzie-viaggi\/\">Agenzie Viaggi<\/a><\/li>\n<li><a href=\"https:\/\/gruppoanziani.it\/index.php\/csp-assistenza-fiscale\/\">CSP Studio<\/a><\/li>\n<li><a href=\"https:\/\/gruppoanziani.it\/index.php\/arcaplanet-3\/\">Arcaplanet<\/a><\/li>\n<li><a href=\"https:\/\/gruppoanziani.it\/?page_id=17287\">Centro Acustico Certosa<\/a><\/li>\n<li><a href=\"https:\/\/gruppoanziani.it\/wp-content\/uploads\/2024\/11\/LOCANDINA-CONVENZIONE-caredent.jpg\">Centri Odontoiatrici Primo Caredent<\/a><\/li>\n<li><a href=\"https:\/\/gruppoanziani.it\/index.php\/campi-estivi-playoff-sport-events-ssd-a-rl\/\">Campi estivi Play Off Sports &amp; Events<\/a><\/li>\n<li><a href=\"https:\/\/gruppoanziani.it\/index.php\/hotel-toscana\">Hotel Toscana<\/a><\/li>\n<li><a href=\"https:\/\/gruppoanziani.it\/index.php\/osteopata-2\/\">Osteopatia e Ginnastica posturale<\/a><\/li>\n<li><a href=\"https:\/\/gruppoanziani.it\/index.php\/cisalfa\/\">Cisalfa &#8211; Sport e Abbigliamento<\/a><\/li>\n<li><a href=\"https:\/\/gruppoanziani.it\/index.php\/risparmio\/\">Risparmio CAREISGOLD<\/a><\/li>\n<\/ul>\n<\/div>[\/vc_column][\/vc_row]<\/p>\n","protected":false},"excerpt":{"rendered":"<p>[vc_row][vc_column width=&#8221;1\/2&#8243;][\/vc_column][vc_column width=&#8221;1\/2&#8243;][vc_empty_space][\/vc_column][\/vc_row]<\/p>\n","protected":false},"author":1,"featured_media":0,"parent":0,"menu_order":0,"comment_status":"closed","ping_status":"closed","template":"","meta":{"footnotes":""},"class_list":["post-15159","page","type-page","status-publish","hentry","description-off"],"acf":[],"_links":{"self":[{"href":"https:\/\/gruppoanziani.it\/index.php\/wp-json\/wp\/v2\/pages\/15159","targetHints":{"allow":["GET"]}}],"collection":[{"href":"https:\/\/gruppoanziani.it\/index.php\/wp-json\/wp\/v2\/pages"}],"about":[{"href":"https:\/\/gruppoanziani.it\/index.php\/wp-json\/wp\/v2\/types\/page"}],"author":[{"embeddable":true,"href":"https:\/\/gruppoanziani.it\/index.php\/wp-json\/wp\/v2\/users\/1"}],"replies":[{"embeddable":true,"href":"https:\/\/gruppoanziani.it\/index.php\/wp-json\/wp\/v2\/comments?post=15159"}],"version-history":[{"count":153,"href":"https:\/\/gruppoanziani.it\/index.php\/wp-json\/wp\/v2\/pages\/15159\/revisions"}],"predecessor-version":[{"id":18650,"href":"https:\/\/gruppoanziani.it\/index.php\/wp-json\/wp\/v2\/pages\/15159\/revisions\/18650"}],"wp:attachment":[{"href":"https:\/\/gruppoanziani.it\/index.php\/wp-json\/wp\/v2\/media?parent=15159"}],"curies":[{"name":"wp","href":"https:\/\/api.w.org\/{rel}","templated":true}]}}