{"id":15302,"date":"2022-05-28T09:28:38","date_gmt":"2022-05-28T09:28:38","guid":{"rendered":"https:\/\/gruppoanziani.it\/?page_id=15302"},"modified":"2023-08-03T06:06:09","modified_gmt":"2023-08-03T06:06:09","slug":"varie","status":"publish","type":"page","link":"https:\/\/gruppoanziani.it\/index.php\/varie\/","title":{"rendered":"Varie"},"content":{"rendered":"<p>[vc_row][vc_column][vc_empty_space][vc_tour interval=&#8221;0&#8243;][vc_tab title=&#8221;LTC non autosufficienza&#8221; tab_id=&#8221;1653729375398-2-1&#8243;]<div class=\"standard-arrow list-divider bullet-top\"><ul>\n<li><strong>Destinatari assicurati<\/strong><\/li>\n<\/ul>\n<p>Il personale dipendente il cui rapporto di lavoro sia disciplinato dal CCNL del settore assicurativo siglato il 18 luglio 2003 che risulti in servizio alla data del 1\u00b0 gennaio 2004, nonch\u00e9 quello successivamente assunto;<\/p>\n<p>Il personale cessato dal servizio dal 1\u00b0 gennaio 2004 con diritto a pensione. E\u2019 inoltre compreso il personale che, per effetto di accordi collettivi od individuali, cessa dal servizio con accompagnamento alla pensione e, pertanto, continuer\u00e0 a beneficiare della copertura assicurativa contro il rischio di non autosufficienza, a condizione che non instauri un rapporto di lavoro alle dipendenze di terzi ai quali non si applichi il CCNL del settore assicurativo;<\/p>\n<ul>\n<li><strong>Cosa si riceve \/ Prestazioni<\/strong><\/li>\n<\/ul>\n<p>La perdita di autosufficienza avviene quando l&#8217;assicurato, in modo presumibilmente permanente, \u00e8 incapace di svolgere gli &#8220;atti elementari della vita quotidiana&#8221; sotto indicati e per il cui svolgimento necessita di assistenza da parte di un&#8217;altra persona:<br \/>\n&#8211; farsi il bagno;<br \/>\n&#8211; vestirsi e svestirsi;<br \/>\n&#8211; igiene del corpo;<br \/>\n&#8211; mobilit\u00e0;<br \/>\n&#8211; continenza;<br \/>\n&#8211; bere e mangiare<\/p>\n<p>Ad ogni attivit\u00e0 sono assegnati tre gradi di autonomia della persona a seconda della sua capacit\u00e0 nel compierla ed assegnati, di conseguenza, tre punteggi (0, 5, 10). In base allo\u00a0<strong>Schema delle attivit\u00e0 LTC come definita nel Regolamento del Fondo<\/strong>\u00a0viene valutato il grado di non autosufficienza attraverso un punteggio totale.<br \/>\nLo stato di non autosufficienza viene riconosciuto con un punteggio di almeno 40 punti. La prestazione consiste in una rendita annua (al 2023 pari a \u20ac 15.000 annui) pagabile al verificarsi dello stato di non autosufficienza e finch\u00e9 l&#8217;assicurato rimanga in vita in tal e stato. La rendita \u00e8 rivalutata in base al rendimento di una gestione assicurativa speciale, il che significa che l&#8217;importo pu\u00f2 crescere e mai decrescere.<\/p>\n<ul>\n<li><strong>Come aderire<\/strong><\/li>\n<\/ul>\n<p>Attivazione automatica a partire dalla data di assunzione, per il personale in quiescenza \u00e8 necessario registrare l\u2019esistenza in vita, ogni fine anno per la copertura dell\u2019annualit\u00e0 successiva, sul sito <a href=\"https:\/\/www.ltc.ania.it\">https:\/\/www.ltc.ania.it<\/a> \u2013 Beneficiari \u2013\u00a0<a href=\"https:\/\/www.ltc.ania.it\/funzioni\/pubblica\/ibeneficiari\/dichiarazione\/dichiara.jsp\">Attestazione esistenza in vita<\/a><\/p>\n<p>Il contributo al Fondo \u00e8 a carico delle Societ\u00e0 aderenti al fondo<\/p>\n<ul>\n<li><strong>Informazioni<\/strong><\/li>\n<\/ul>\n<p>ANIA &#8211; Le informazioni sono disponibili su\u00a0<a href=\"http:\/\/www.ltc.ania.it\/\">www.ltc.ania.it<\/a><u>.<\/u><\/p>\n<p>E&#8217; possibile contattare il Fondo all&#8217;indirizzo infofondoltc@ania.it , via fax al numero 02 7601 5221 o telefonicamente al numero 02 7764 378.<\/p>\n<p>Gruppo Anziani &#8211; \u00a0scrivere all\u2019indirizzo mail <a href=\"mailto:segreteria@gruppoanziani.it\">segreteria@gruppoanziani.it<\/a><\/p>\n<\/div>[vc_btn title=&#8221;Scarica il Pdf&#8221; style=&#8221;outline-custom&#8221; outline_custom_color=&#8221;#2d467b&#8221; outline_custom_hover_background=&#8221;#2d467b&#8221; outline_custom_hover_text=&#8221;#ffffff&#8221; align=&#8221;center&#8221; i_align=&#8221;right&#8221; i_icon_fontawesome=&#8221;fas fa-angle-right&#8221; css_animation=&#8221;fadeInUp&#8221; add_icon=&#8221;true&#8221; link=&#8221;url:https%3A%2F%2Fgruppoanziani.it%2Fwp-content%2Fuploads%2F2023%2F08%2FBrochure-LTC.pdf|target:_blank&#8221;][vc_empty_space height=&#8221;50px&#8221;][\/vc_tab][\/vc_tour][vc_empty_space][\/vc_column][\/vc_row][vc_row][vc_column][vc_empty_space height=&#8221;50px&#8221;][\/vc_column][\/vc_row]<\/p>\n","protected":false},"excerpt":{"rendered":"<p>[vc_row][vc_column][vc_empty_space][vc_tour interval=&#8221;0&#8243;][vc_tab title=&#8221;LTC non autosufficienza&#8221; tab_id=&#8221;1653729375398-2-1&#8243;][vc_btn title=&#8221;Scarica il Pdf&#8221; style=&#8221;outline-custom&#8221; outline_custom_color=&#8221;#2d467b&#8221; outline_custom_hover_background=&#8221;#2d467b&#8221; outline_custom_hover_text=&#8221;#ffffff&#8221; align=&#8221;center&#8221; i_align=&#8221;right&#8221; i_icon_fontawesome=&#8221;fas fa-angle-right&#8221; css_animation=&#8221;fadeInUp&#8221; add_icon=&#8221;true&#8221; link=&#8221;url:https%3A%2F%2Fgruppoanziani.it%2Fwp-content%2Fuploads%2F2023%2F08%2FBrochure-LTC.pdf|target:_blank&#8221;][vc_empty_space height=&#8221;50px&#8221;][\/vc_tab][\/vc_tour][vc_empty_space][\/vc_column][\/vc_row][vc_row][vc_column][vc_empty_space height=&#8221;50px&#8221;][\/vc_column][\/vc_row]<\/p>\n","protected":false},"author":1,"featured_media":0,"parent":0,"menu_order":0,"comment_status":"closed","ping_status":"closed","template":"","meta":{"footnotes":""},"class_list":["post-15302","page","type-page","status-publish","hentry"],"acf":[],"_links":{"self":[{"href":"https:\/\/gruppoanziani.it\/index.php\/wp-json\/wp\/v2\/pages\/15302","targetHints":{"allow":["GET"]}}],"collection":[{"href":"https:\/\/gruppoanziani.it\/index.php\/wp-json\/wp\/v2\/pages"}],"about":[{"href":"https:\/\/gruppoanziani.it\/index.php\/wp-json\/wp\/v2\/types\/page"}],"author":[{"embeddable":true,"href":"https:\/\/gruppoanziani.it\/index.php\/wp-json\/wp\/v2\/users\/1"}],"replies":[{"embeddable":true,"href":"https:\/\/gruppoanziani.it\/index.php\/wp-json\/wp\/v2\/comments?post=15302"}],"version-history":[{"count":10,"href":"https:\/\/gruppoanziani.it\/index.php\/wp-json\/wp\/v2\/pages\/15302\/revisions"}],"predecessor-version":[{"id":17218,"href":"https:\/\/gruppoanziani.it\/index.php\/wp-json\/wp\/v2\/pages\/15302\/revisions\/17218"}],"wp:attachment":[{"href":"https:\/\/gruppoanziani.it\/index.php\/wp-json\/wp\/v2\/media?parent=15302"}],"curies":[{"name":"wp","href":"https:\/\/api.w.org\/{rel}","templated":true}]}}