{"id":17287,"date":"2023-10-23T08:33:51","date_gmt":"2023-10-23T08:33:51","guid":{"rendered":"https:\/\/gruppoanziani.it\/?page_id=17287"},"modified":"2023-10-23T10:13:43","modified_gmt":"2023-10-23T10:13:43","slug":"centro-acustico-certosa-3","status":"publish","type":"page","link":"https:\/\/gruppoanziani.it\/index.php\/centro-acustico-certosa-3\/","title":{"rendered":"Centro Acustico Certosa"},"content":{"rendered":"<p>[vc_row type=&#8221;vc_default&#8221; full_width=&#8221;stretch_row&#8221; margin_top=&#8221;75&#8243; margin_bottom=&#8221;20&#8243; bg_type=&#8221;bg_color&#8221; seperator_enable=&#8221;seperator_enable_value&#8221; seperator_type=&#8221;triangle_svg_seperator&#8221; seperator_svg_height=&#8221;30&#8243; seperator_shape_background=&#8221;#f8f8f9&#8243; min_height=&#8221;0&#8243; css=&#8221;.vc_custom_1479919687423{padding-top: 90px !important;padding-bottom: 70px !important;background-color: #ffffff !important;}&#8221; bg_color_value=&#8221;#ffffff&#8221;][vc_column offset=&#8221;vc_col-lg-6 vc_col-md-6 vc_col-xs-12&#8243; css=&#8221;.vc_custom_1479919679995{padding-bottom: 30px !important;}&#8221;]<div id=\"ultimate-heading-275569d0e3b97358f\" class=\"uvc-heading ult-adjust-bottom-margin ultimate-heading-275569d0e3b97358f uvc-2652 \" data-hspacer=\"no_spacer\"  data-halign=\"left\" style=\"text-align:left\"><div class=\"uvc-heading-spacer no_spacer\" style=\"top\"><\/div><div class=\"uvc-main-heading ult-responsive\"  data-ultimate-target='.uvc-heading.ultimate-heading-275569d0e3b97358f h2'  data-responsive-json-new='{\"font-size\":\"desktop:34px;\",\"line-height\":\"desktop:44px;\"}' ><h2 style=\"--font-weight:theme;margin-bottom:8px;\">Centro Acustico Certosa<\/h2><\/div><div class=\"uvc-sub-heading ult-responsive\"  data-ultimate-target='.uvc-heading.ultimate-heading-275569d0e3b97358f .uvc-sub-heading '  data-responsive-json-new='{\"font-size\":\"desktop:20px;\",\"line-height\":\"desktop:32px;\"}'  style=\"font-weight:normal;color:#adb0b6;margin-bottom:25px;\"><strong>L&#8217;UDITO, BENE PREZIOSO<\/strong><\/div><\/div>[vc_column_text css=&#8221;.vc_custom_1698049840142{margin-bottom: -30px !important;}&#8221;]L\u2019udito \u00e8 il senso che ci permette di entrare in empatia con l\u2019ambiente che ci circonda e di apprezzare la sua ricchezza sonora. Tutti abbiamo bisogno di ascoltare ed essere ascoltati. Il\u00a0<strong>benessere dell\u2019apparato uditivo<\/strong>, dunque, va salvaguardato: capire\u00a0<strong>come funziona<\/strong>\u00a0\u00e8 di grande aiuto per mantenerlo in salute il pi\u00f9 a lungo possibile.[\/vc_column_text][vc_icon icon_fontawesome=&#8221;fas fa-arrow-right&#8221; color=&#8221;custom&#8221; size=&#8221;lg&#8221; align=&#8221;right&#8221; css_animation=&#8221;fadeInLeft&#8221; custom_color=&#8221;#98c73f&#8221;][vc_empty_space height=&#8221;20px&#8221;][vc_separator][vc_empty_space height=&#8221;20px&#8221;][vc_btn title=&#8221;Scarica il pdf&#8221; style=&#8221;outline-custom&#8221; outline_custom_color=&#8221;#2d467b&#8221; outline_custom_hover_background=&#8221;#2d467b&#8221; outline_custom_hover_text=&#8221;#ffffff&#8221; align=&#8221;center&#8221; css_animation=&#8221;none&#8221; link=&#8221;url:https%3A%2F%2Fgruppoanziani.it%2Fwp-content%2Fuploads%2F2023%2F10%2FCentro-Acustico-Certosa.pdf|target:_blank&#8221;][\/vc_column][vc_column offset=&#8221;vc_col-lg-6 vc_col-md-6 vc_col-xs-12&#8243;][vc_row_inner equal_height=&#8221;yes&#8221; css=&#8221;.vc_custom_1479114323849{margin-top: -8px !important;}&#8221;][vc_column_inner width=&#8221;1\/2&#8243; css=&#8221;.vc_custom_1479919579020{padding-bottom: 30px !important;}&#8221;]<div id=\"ultimate-heading-429169d0e3b9735d4\" class=\"uvc-heading ult-adjust-bottom-margin ultimate-heading-429169d0e3b9735d4 uvc-9317 \" data-hspacer=\"no_spacer\"  data-halign=\"left\" style=\"text-align:left\"><div class=\"uvc-heading-spacer no_spacer\" style=\"top\"><\/div><div class=\"uvc-main-heading ult-responsive\"  data-ultimate-target='.uvc-heading.ultimate-heading-429169d0e3b9735d4 h2'  data-responsive-json-new='{\"font-size\":\"desktop:65px;\",\"line-height\":\"desktop:75px;\"}' ><h2 style=\"font-weight:bold;color:rgba(152,199,63,0.4);margin-bottom:5px;\">01.<\/h2><\/div><\/div><div id=\"ultimate-heading-994869d0e3b973601\" class=\"uvc-heading ult-adjust-bottom-margin ultimate-heading-994869d0e3b973601 uvc-1617 accent-border-color\" data-hspacer=\"no_spacer\"  data-halign=\"left\" style=\"text-align:left\"><div class=\"uvc-heading-spacer no_spacer\" style=\"top\"><\/div><div class=\"uvc-main-heading ult-responsive\"  data-ultimate-target='.uvc-heading.ultimate-heading-994869d0e3b973601 h2'  data-responsive-json-new='{\"font-size\":\"desktop:18px;\",\"line-height\":\"desktop:30px;\"}' ><h2 style=\"font-weight:bold;margin-bottom:12px;\">COME FUNZIONA?<\/h2><\/div><div class=\"uvc-sub-heading ult-responsive\"  data-ultimate-target='.uvc-heading.ultimate-heading-994869d0e3b973601 .uvc-sub-heading '  data-responsive-json-new='{\"font-size\":\"\",\"line-height\":\"desktop:26px;\"}'  style=\"font-weight:normal;\">Il nostro sistema uditivo \u00e8 composto da tre parti: l\u2019<strong>orecchio esterno, medio e interno<\/strong>.<\/p>\n<ul>\n<li><strong>L\u2019orecchio esterno\u00a0<\/strong>comprende il padiglione auricolare, la parte pi\u00f9 visibile, e il condotto uditivo esterno. I suoni, in seguito, attraverso la membrana del timpano, sono trasmessi alla seconda parte dell\u2019apparato uditivo, l\u2019orecchio medio.<\/li>\n<li><strong>L\u2019orecchio medio\u00a0<\/strong>\u00e8 composto dalla membrana timpanica e dalla catena ossiculare: martello, incudine e staffa. La catena ossiculare amplifica i suoni in arrivo e li trasmette all\u2019orecchio interno.<\/li>\n<li>Nell\u2019<strong>orecchio interno<\/strong>, infine, le onde sonore, attraverso il movimento delle ciglia delle cellule cocleari, vengono definitivamente convertite in segnali bioelettrici che, attraverso il nervo acustico, giungono al cervello, dove nasce la percezione uditiva vera e propria.<\/li>\n<\/ul>\n<p><\/div><\/div>[\/vc_column_inner][vc_column_inner width=&#8221;1\/2&#8243; css=&#8221;.vc_custom_1479919584839{padding-bottom: 30px !important;}&#8221;]<div id=\"ultimate-heading-941069d0e3b973633\" class=\"uvc-heading ult-adjust-bottom-margin ultimate-heading-941069d0e3b973633 uvc-3616 \" data-hspacer=\"no_spacer\"  data-halign=\"left\" style=\"text-align:left\"><div class=\"uvc-heading-spacer no_spacer\" style=\"top\"><\/div><div class=\"uvc-main-heading ult-responsive\"  data-ultimate-target='.uvc-heading.ultimate-heading-941069d0e3b973633 h2'  data-responsive-json-new='{\"font-size\":\"desktop:65px;\",\"line-height\":\"desktop:75px;\"}' ><h2 style=\"font-weight:bold;color:rgba(152,199,63,0.4);margin-bottom:5px;\">02.<\/h2><\/div><\/div><div id=\"ultimate-heading-307469d0e3b97365c\" class=\"uvc-heading ult-adjust-bottom-margin ultimate-heading-307469d0e3b97365c uvc-4667 accent-border-color\" data-hspacer=\"no_spacer\"  data-halign=\"left\" style=\"text-align:left\"><div class=\"uvc-heading-spacer no_spacer\" style=\"top\"><\/div><div class=\"uvc-main-heading ult-responsive\"  data-ultimate-target='.uvc-heading.ultimate-heading-307469d0e3b97365c h2'  data-responsive-json-new='{\"font-size\":\"desktop:18px;\",\"line-height\":\"desktop:30px;\"}' ><h2 style=\"font-weight:bold;margin-bottom:12px;\">CONTROLLA IL TUO UDITO<\/h2><\/div><div class=\"uvc-sub-heading ult-responsive\"  data-ultimate-target='.uvc-heading.ultimate-heading-307469d0e3b97365c .uvc-sub-heading '  data-responsive-json-new='{\"font-size\":\"\",\"line-height\":\"desktop:26px;\"}'  style=\"font-weight:normal;\">L\u2019Ipoacusia, ovvero una ridotta capacit\u00e0 uditiva, \u00e8 uno dei problemi pi\u00f9 frequenti che causa un alterazione della percezione sonora. Pi\u00f9 di 1 italiano su 10 accusa un problema uditivo. L\u2019ipoacusia non interessa solamente la popolazione anziana ma coinvolge tutte le et\u00e0. Sono sempre pi\u00f9 i giovani che lamentano un calo uditivo.<\/p>\n<p>Ci sono tuttavia diversi modi per\u00a0prevenire l\u2019insorgenza dell\u2019ipoacusia.<\/p>\n<p><strong>Pensi di soffrire di una perdita di udito?<\/strong><\/p>\n<p><a href=\"https:\/\/www.centroacusticocertosa.it\/contatti\/\">Prenota<\/a>\u00a0un controllo dell\u2019udito\u00a0gratuito presso il nostro centro acustico per conoscere meglio, attraverso un esame approfondito a cura dei nostri specialisti, quale \u00e8 lo stato di salute del tuo udito.<\/div><\/div>[\/vc_column_inner][\/vc_row_inner][\/vc_column][\/vc_row]<\/p>\n","protected":false},"excerpt":{"rendered":"<p>[vc_row type=&#8221;vc_default&#8221; full_width=&#8221;stretch_row&#8221; margin_top=&#8221;75&#8243; margin_bottom=&#8221;20&#8243; bg_type=&#8221;bg_color&#8221; seperator_enable=&#8221;seperator_enable_value&#8221; seperator_type=&#8221;triangle_svg_seperator&#8221; seperator_svg_height=&#8221;30&#8243; seperator_shape_background=&#8221;#f8f8f9&#8243; min_height=&#8221;0&#8243; css=&#8221;.vc_custom_1479919687423{padding-top: 90px !important;padding-bottom: 70px !important;background-color: #ffffff !important;}&#8221; bg_color_value=&#8221;#ffffff&#8221;][vc_column offset=&#8221;vc_col-lg-6 vc_col-md-6 vc_col-xs-12&#8243; css=&#8221;.vc_custom_1479919679995{padding-bottom: 30px !important;}&#8221;][vc_column_text css=&#8221;.vc_custom_1698049840142{margin-bottom: -30px !important;}&#8221;]L\u2019udito \u00e8 il senso che ci permette di entrare in empatia con l\u2019ambiente che ci circonda e di apprezzare la sua ricchezza sonora. Tutti abbiamo bisogno di ascoltare&hellip;<\/p>\n","protected":false},"author":1,"featured_media":0,"parent":0,"menu_order":0,"comment_status":"closed","ping_status":"closed","template":"","meta":{"footnotes":""},"class_list":["post-17287","page","type-page","status-publish","hentry","description-off"],"acf":[],"_links":{"self":[{"href":"https:\/\/gruppoanziani.it\/index.php\/wp-json\/wp\/v2\/pages\/17287","targetHints":{"allow":["GET"]}}],"collection":[{"href":"https:\/\/gruppoanziani.it\/index.php\/wp-json\/wp\/v2\/pages"}],"about":[{"href":"https:\/\/gruppoanziani.it\/index.php\/wp-json\/wp\/v2\/types\/page"}],"author":[{"embeddable":true,"href":"https:\/\/gruppoanziani.it\/index.php\/wp-json\/wp\/v2\/users\/1"}],"replies":[{"embeddable":true,"href":"https:\/\/gruppoanziani.it\/index.php\/wp-json\/wp\/v2\/comments?post=17287"}],"version-history":[{"count":8,"href":"https:\/\/gruppoanziani.it\/index.php\/wp-json\/wp\/v2\/pages\/17287\/revisions"}],"predecessor-version":[{"id":17312,"href":"https:\/\/gruppoanziani.it\/index.php\/wp-json\/wp\/v2\/pages\/17287\/revisions\/17312"}],"wp:attachment":[{"href":"https:\/\/gruppoanziani.it\/index.php\/wp-json\/wp\/v2\/media?parent=17287"}],"curies":[{"name":"wp","href":"https:\/\/api.w.org\/{rel}","templated":true}]}}