{"id":3,"date":"2022-03-28T08:04:43","date_gmt":"2022-03-28T08:04:43","guid":{"rendered":"https:\/\/gruppoanziani.it\/?page_id=3"},"modified":"2022-06-15T09:00:03","modified_gmt":"2022-06-15T09:00:03","slug":"privacy-policy","status":"publish","type":"page","link":"https:\/\/gruppoanziani.it\/index.php\/privacy-policy\/","title":{"rendered":"INFORMATIVA SULLA PRIVACY E SULLE TECNICHE DI COMUNICAZIONE A DISTANZA"},"content":{"rendered":"\r\n<h2 class=\"wp-block-heading\">Informativa privacy e sulle tecniche di comunicazione a distanza<\/h2>\r\n\r\n\r\n\r\n<p>La normativa vigente, definita in relazione al Regolamento Ue 2016\/679 del 27 aprile 2016 relativo alla protezione delle persone fisiche con riguardo al trattamento dei dati personali, nonch\u00e9 alla libera circolazione di tali dati (regolamento generale sulla protezione dei dati) garantisce che il trattamento personale dei dati si svolga nel rispetto dei diritti, delle libert\u00e0 fondamentali, nonch\u00e9 della dignit\u00e0 delle persone fisiche, con particolare riferimento alla riservatezza, all\u2019identit\u00e0 personale e al diritto alla protezione dei dati personali assicurando che i dati siano trattati in modo lecito e secondo correttezza.<br \/>Nel rispetto di questo quadro normativo, Le chiediamo di fornirci i Suoi dati per poter trattare i suoi dati al fine di partecipare ad eventi organizzati, ricevere comunicazioni, newletter e informazioni su tutto quanto ha riguardo con l\u2019attivit\u00e0 di Unione Interaziendale Lavoratori Anziani &#8211; U.I.L.A. Allianz.<\/p>\r\n\r\n\r\n\r\n<h2 class=\"wp-block-heading\">1. Titolare del Trattamento e informazioni di contatto<\/h2>\r\n\r\n\r\n\r\n<p>Il titolare del trattamento dei dati \u00e8 Unione Interaziendale Lavoratori Anziani &#8211; U.I.L.A. Allianz, con sede in Milano, Largo Domodossola, 3, che definisce modalit\u00e0 e finalit\u00e0 del trattamento dei Suoi dati personali.<br \/>La presente informativa riguarda pertanto anche l\u2019attivit\u00e0 ed il trattamento dei dati svolti dai soggetti citati nel presente documento, il cui elenco, costantemente aggiornato, \u00e8 disponibile agevolmente e gratuitamente scrivendo a Unione Interaziendale Lavoratori Anziani &#8211; U.I.L.A.<br \/>Allianz all\u2019indirizzo sopra indicato ovvero scrivendo un messaggio di posta elettronica al seguente indirizzo: segreteria@gruppoanziani.it, ove sono disponibili anche la lista dei Responsabili in essere, nonch\u00e9 informazioni pi\u00f9 dettagliate circa i soggetti che possono venire a conoscenza dei<br \/>dati in qualit\u00e0 di incaricati.<\/p>\r\n<p>&nbsp;<\/p>\r\n<h2>2. Categorie di dati raccolti<\/h2>\r\n<p>La nostra associazione deve acquisire (o gi\u00e0 detiene) alcuni dati che la riguardano. <br \/>Le categoria di dati che potremo trattare sono le seguenti:<\/p>\r\n<ul>\r\n<li>Dati personali,<\/li>\r\n<li>Digital contacts, quali e-mail, numero di cellulare, social network (ad es. Facebook, Twitter) e servizi di messaggistica\/voip (ad es. Skype, WhatsApp, Viber, Messenger).<\/li>\r\n<\/ul>\r\n<p>&nbsp;<\/p>\r\n<h2>3. Finalit\u00e0 del trattamento<\/h2>\r\n<p>I dati forniti da Lei stesso o da altri soggetti sono utilizzati dalla nostra associazione al fine di:<\/p>\r\n<ul>\r\n<li>partecipare agli eventi organizzati dalla U.I.L.A.<\/li>\r\n<li>ricevere newletter<\/li>\r\n<li>ricevere doni in occasione di ricorrenze e festivit\u00e0<\/li>\r\n<li>informazioni su tutto quanto ha riguardo con l\u2019attivit\u00e0 di Unione Lavoratori Anziani Allianz<\/li>\r\n<\/ul>\r\n<p>&nbsp;<\/p>\r\n<h2>3.a Base Giuridica del trattamento<\/h2>\r\n<p>La base giuridica dei trattamenti dei dati \u00e8 rappresentata dal fatto che il trattamento \u00e8 necessario alle finalit\u00e0 sopra indicate.<\/p>\r\n<h2><br \/>3.b Consenso facoltativo e obbligatorio, facolt\u00e0 di rifiuto e conseguenze<\/h2>\r\n<p>Le chiediamo, quindi, di esprimere il consenso per il trattamento dei Suoi dati strettamente necessari alle finalit\u00e0 sopra indicate.<br \/>Premesso che il <strong>consenso<\/strong> al trattamento dei Suoi dati \u00e8 <strong>facoltativo<\/strong>, preme precisarLe che, <strong>in caso di Suo rifiuto<\/strong>, Unione Interaziendale Lavoratori Anziani &#8211; U.I.L.A. Allianz si vedr\u00e0 costretta a non poter procedere all\u2019esecuzione dei servizi e delle attivit\u00e0 sopra riportate.<\/p>\r\n<h2><br \/>4. Modalit\u00e0 d\u2019uso dei dati<\/h2>\r\n<p>I Suoi dati personali sono trattati solo con modalit\u00e0 e procedure strettamente necessarie per le finalit\u00e0 sopra indicate; inoltre, qualora vi acconsenta, i Suoi dati sono trattati anche mediante l\u2019uso della posta cartacea, del fax, del telefono anche cellulare, della posta elettronica, degli SMS, tablet, smartphone, o di altre tecniche di comunicazione a distanza, di strumenti telematici, automatizzati, ed informatici, nonch\u00e9 tramite schede e questionari.<br \/>Lei ha il diritto di conoscere, in ogni momento, quali sono i Suoi dati e come essi vengono utilizzati.<\/p>\r\n<h2><br \/>5. Destinatari dei suoi dati personali. Chi potr\u00e0 accedere ai suoi dati<\/h2>\r\n<p>Per taluni servizi, utilizziamo soggetti di nostra fiducia che svolgono per nostro conto compiti di natura tecnica od organizzativa ed il trattamento dei dati da parte loro \u00e8 necessario per il perseguimento delle finalit\u00e0 sopra indicate.<br \/>Questi soggetti sono nostri diretti collaboratori e svolgono la funzione del \u201cresponsabile\u201d o sono soggetti autorizzati al trattamento dei dati, oppure operano in totale autonomia come distinti \u201ctitolari\u201d del trattamento.<br \/>Si tratta, in modo particolare, di soggetti facenti quali uffici postali, gestori di cloud (server per la custodia e la conservazione dei dati raccolti), associazione di eventi, fornitori di servizi per organizzazione eventi e viaggi.<\/p>\r\n<p><br \/>In considerazione della complessit\u00e0 dell\u2019organizzazione e della stretta interrelazione fra le varie funzioni aziendali, Le precisiamo, infine, che, quali responsabili o soggetti incaricati del trattamento, possono venire a conoscenza dei dati anche i nostri dipendenti e collaboratori di volta in volta interessati o coinvolti nell\u2019ambito delle rispettive mansioni in conformit\u00e0 alle istruzioni ricevute.<\/p>\r\n<p><br \/>Lei ha il diritto di conoscere, in ogni momento, quali sono i Suoi dati e come essi vengono utilizzati.<\/p>\r\n<h2><br \/>6. I suoi diritti nello specifico<\/h2>\r\n<p>Si precisa che ogni interessato ha diritto di scrivere al Titolare del trattamento per chiedere l&#8217;accesso ai dati personali e la rettifica o la cancellazione degli stessi o la limitazione del trattamento che lo riguardano o di opporsi al loro trattamento e per esercitare (per i trattamenti<br \/>effettuati dopo 25 maggio 2018) il diritto alla portabilit\u00e0 dei dati. Inoltre ogni interessato ha sempre diritto di proporre reclamo al Garante per la protezione dei dati personali nelle forme, nei modi e nei limiti previsti dalla vigente normativa. L\u2019interessato ha inoltre il diritto di revocare, in qualsiasi momento, il proprio consenso esplicito, ove fornito, senza pregiudicare la liceit\u00e0 del trattamento basata sul consenso prestato prima della revoca. Qui di seguito riportiamo l\u2019elenco specifico dei suoi diritti in relazione al trattamento dei suoi dati.<br \/>Lei potr\u00e0:<br \/><br \/>1. accedere ai Suoi dati e conoscere la provenienza, le finalit\u00e0 e il periodo di conservazione, i dettagli del\/dei Titolari del Trattamento e i soggetti ai quali sono stati comunicati;<br \/>2. revocare il Suo consenso in ogni momento;<br \/>3. aggiornare o correggere i Suoi dati personali in ogni momento;<br \/>4. chiedere la cancellazione dei Suoi dati dai nostri sistemi (ivi compreso il diritto all\u2019oblio, ove ne ricorrano i presupposti) se lo scopo del loro trattamento \u00e8 venuto meno;<br \/>5. per i trattamenti effettuati dopo il 25 maggio 2018 restringere il campo di trattamento dei Suoi dati (limitazione) in determinate circostanze: per es. qualora venga contestata la correttezza dei dati trattati;<br \/>6. conoscere dell\u2019esistenza di un processo decisionale automatizzato, compresa la profilazione, e informazioni significative sulla logica utilizzata, nonch\u00e9 l\u2019importanza e le conseguenze previste di tale trattamento per l\u2019interessato;<br \/>7. ottenere copia dei Suoi dati personali in formato elettronico e, per i trattamenti effettuati dopo il 25 maggio 2018, richiedere la portabilit\u00e0 dei dati;<br \/>8. conoscere se i dati sono trasferiti a un paese terzo, informazione dell\u2019esistenza di garanzie adeguate ai sensi della norma di riferimento;<br \/>9. contattare il Garante della Privacy.<\/p>\r\n<h2><br \/>7. Diritto alla cancellazione e all\u2019oblio, rettifica e portabilit\u00e0 dei dati<\/h2>\r\n<p>In ogni momento, Lei potr\u00e0 anche richiedere il diritto di far aggiornare, integrare, rettificare o cancellare i Suoi dati ovvero chiederne il blocco ed opporsi al loro trattamento nonch\u00e9 richiedere la loro portabilit\u00e0 ad un altro soggetto.<br \/>La eventuale richiesta di cancellazione non pregiudicher\u00e0 la liceit\u00e0 del trattamento dei dati avvenuta durante il periodo per il quale era stato manifestato il relativo consenso.<br \/>Per l\u2019esercizio dei suoi diritti pu\u00f2 rivolgersi ad Unione Interaziendale Lavoratori Anziani &#8211; U.I.L.A. Allianz &#8211; Largo Domodossola, 3 &#8211; 20145 MILANO ovvero scrivendo un messaggio di posta elettronica al seguente indirizzo: segreteria@gruppoanziani.it.<\/p>\r\n<h2><br \/>8. Periodo di conservazione dei dati<\/h2>\r\n<p>I dati saranno conservati per il tempo necessario al loro utilizzo ovvero finch\u00e9 sussiste la finalit\u00e0 per la quale sono trattati secondo criteri improntati al rispetto delle norme vigenti ed alla correttezza ed al bilanciamento fra legittimo interesse del Titolare e diritti e libert\u00e0 dell&#8217;interessato. Conseguentemente, in assenza di norme specifiche che prevedano tempi di conservazioni differenti, l\u2019Unione Interaziendale Lavoratori Anziani &#8211; U.I.L.A. Allianz avr\u00e0 cura di utilizzare i dati per le suddette finalit\u00e0 per un tempo congruo rispetto all\u2019interesse manifestato dalla persona cui si riferiscono i dati. I dati saranno perci\u00f2 conservati per il periodo minimo necessario nel rispetto delle indicazioni contenute nella normativa di settore e tenuto conto della necessit\u00e0 di accedervi per esercitare un diritto e\/o difendersi in sede giudiziaria. Si proceder\u00e0 con cadenza periodica a verificare in modo idoneo l\u2019effettivo permanere dell\u2019interesse del soggetto cui si riferiscono i dati a far svolgere il trattamento per le finalit\u00e0 sopra precisate.<\/p>\r\n<p>&nbsp;<\/p>\r\n","protected":false},"excerpt":{"rendered":"<p>Informativa privacy e sulle tecniche di comunicazione a distanza La normativa vigente, definita in relazione al Regolamento Ue 2016\/679 del 27 aprile 2016 relativo alla protezione delle persone fisiche con riguardo al trattamento dei dati personali, nonch\u00e9 alla libera circolazione di tali dati (regolamento generale sulla protezione dei dati) garantisce che il trattamento personale dei&hellip;<\/p>\n","protected":false},"author":1,"featured_media":0,"parent":0,"menu_order":0,"comment_status":"closed","ping_status":"open","template":"","meta":{"footnotes":""},"class_list":["post-3","page","type-page","status-publish","hentry","description-off"],"acf":[],"_links":{"self":[{"href":"https:\/\/gruppoanziani.it\/index.php\/wp-json\/wp\/v2\/pages\/3","targetHints":{"allow":["GET"]}}],"collection":[{"href":"https:\/\/gruppoanziani.it\/index.php\/wp-json\/wp\/v2\/pages"}],"about":[{"href":"https:\/\/gruppoanziani.it\/index.php\/wp-json\/wp\/v2\/types\/page"}],"author":[{"embeddable":true,"href":"https:\/\/gruppoanziani.it\/index.php\/wp-json\/wp\/v2\/users\/1"}],"replies":[{"embeddable":true,"href":"https:\/\/gruppoanziani.it\/index.php\/wp-json\/wp\/v2\/comments?post=3"}],"version-history":[{"count":4,"href":"https:\/\/gruppoanziani.it\/index.php\/wp-json\/wp\/v2\/pages\/3\/revisions"}],"predecessor-version":[{"id":15519,"href":"https:\/\/gruppoanziani.it\/index.php\/wp-json\/wp\/v2\/pages\/3\/revisions\/15519"}],"wp:attachment":[{"href":"https:\/\/gruppoanziani.it\/index.php\/wp-json\/wp\/v2\/media?parent=3"}],"curies":[{"name":"wp","href":"https:\/\/api.w.org\/{rel}","templated":true}]}}